{"id":146,"date":"2019-01-15T02:03:45","date_gmt":"2019-01-15T02:03:45","guid":{"rendered":"http:\/\/fincley.com\/old2023\/?page_id=146"},"modified":"2019-02-04T18:17:50","modified_gmt":"2019-02-04T18:17:50","slug":"publications","status":"publish","type":"page","link":"https:\/\/fincley.com\/old2023\/publications\/","title":{"rendered":"Publications"},"content":{"rendered":"<p><div class=\"fusion-fullwidth fullwidth-box nonhundred-percent-fullwidth non-hundred-percent-height-scrolling\"  style='background-color: rgba(255,255,255,0);background-position: center center;background-repeat: no-repeat;padding-top:0px;padding-right:0px;padding-bottom:0px;padding-left:0px;'><div class=\"fusion-builder-row fusion-row \"><div  data-animationType=fadeInUp data-animationDuration=1.0 data-animationOffset=50% class=\"fusion-layout-column fusion_builder_column fusion_builder_column_1_1  fusion-one-full fusion-column-first fusion-column-last fusion-animated 1_1\"  style='margin-top:0px;margin-bottom:20px;'>\n\t\t\t\t\t<div class=\"fusion-column-wrapper\" style=\"padding: 0px 0px 0px 0px;background-position:left top;background-repeat:no-repeat;-webkit-background-size:cover;-moz-background-size:cover;-o-background-size:cover;background-size:cover;\"   data-bg-url=\"\">\n\t\t\t\t\t\t<div class=\"fusion-blog-shortcode fusion-blog-shortcode-1 fusion-blog-archive fusion-blog-layout-medium-alternate fusion-blog-infinite\"><div class=\"fusion-posts-container fusion-posts-container-infinite fusion-posts-container-load-more fusion-blog-rollover\" data-pages=\"17\"><article id=\"blog-1-post-977\" class=\"fusion-post-medium-alternate post-977 post type-post status-publish format-standard has-post-thumbnail hentry category-publications\">\n<div class=\"fusion-date-and-formats\"><div class=\"fusion-date-box updated\"><span class=\"fusion-date\">4<\/span><span class=\"fusion-month-year\">10, 2023<\/span><\/div><div class=\"fusion-format-box\"><i class=\"fusion-icon-pen\"><\/i><\/div><\/div>\t<style type=\"text\/css\">\n\t\t\n\t\t\n\t\t\n\t\t\n\t\t\t<\/style>\n\n\n\t\t\t<div class=\"fusion-flexslider flexslider fusion-flexslider-loading fusion-post-slideshow\" style=\"\">\n\t\t<ul class=\"slides\">\n\t\t\t\n\t\t\t\t\t\t\t\t\t\t\t\t\t\t<li>\n\n<div  class=\"fusion-image-wrapper fusion-image-size-fixed\" aria-haspopup=\"true\">\n\t\n\t\n\t\t\n\t\t\t\t\t<img width=\"303\" height=\"202\" src=\"https:\/\/fincley.com\/old2023\/wp-content\/uploads\/2023\/10\/Intervention-Fincley-a-lOCBF-1.jpg\" class=\"attachment-blog-medium size-blog-medium wp-post-image\" alt=\"\" loading=\"lazy\" srcset=\"https:\/\/fincley.com\/old2023\/wp-content\/uploads\/2023\/10\/Intervention-Fincley-a-lOCBF-1-200x134.jpg 200w, https:\/\/fincley.com\/old2023\/wp-content\/uploads\/2023\/10\/Intervention-Fincley-a-lOCBF-1.jpg 400w\" sizes=\"(max-width: 303px) 100vw, 303px\" \/>\n\t\n\n\t\t<div class=\"fusion-rollover\">\n\t<div class=\"fusion-rollover-content\">\n\n\t\t\t\t\n\t\t\t\t\n\t\t\t\t\t\t\t\t\t\t\t\t<h4 class=\"fusion-rollover-title\">\n\t\t\t\t\t<a href=\"https:\/\/fincley.com\/old2023\/intervention-fincley-a-locbf\/\">\n\t\t\t\t\t\t<p style=\"text-align:center\"><strong> Intervention Fincley \u00e0 l\u2019OCBF  <\/strong> <\/center>\t\t\t\t\t<\/a>\n\t\t\t\t<\/h4>\n\t\t\t\n\t\t\t\t\t\t\t\t\n\t\t\n\t\t\t\t<a class=\"fusion-link-wrapper\" href=\"https:\/\/fincley.com\/old2023\/intervention-fincley-a-locbf\/\" aria-label=\" Intervention Fincley \u00e0 l\u2019OCBF   \"><\/a>\n\t<\/div>\n<\/div>\n\n\t\n<\/div>\n<\/li>\n\t\t\t\n\t\t\t\n\t\t\t\t\t\t\t\t\t\t\t\t\t\t\t\t\t\t\t\t\t\t\t\t\t\t\t\t\t\t\t\t\t\t\t\t\t\t\t\t\t\t\t\t\t\t\t\t\t\t\t\t\t\t\t\t\t\t\t\t\t\t\t\t\t\t\t\t<\/ul>\n\t<\/div>\n\t<div class=\"fusion-post-content post-content\"><h2 class=\"blog-shortcode-post-title entry-title\"><a href=\"https:\/\/fincley.com\/old2023\/intervention-fincley-a-locbf\/\"><p style=\"text-align:center\"><strong> Intervention Fincley \u00e0 l\u2019OCBF  <\/strong> <\/center><\/a><\/h2><p class=\"fusion-single-line-meta\"><span class=\"vcard\" style=\"display: none;\"><span class=\"fn\"><a href=\"https:\/\/fincley.com\/old2023\/author\/anthony\/\" title=\"Articles par Alexis\" rel=\"author\">Alexis<\/a><\/span><\/span><span class=\"updated\" style=\"display:none;\">2023-10-04T14:07:01+00:00<\/span><span>4 octobre 2023<\/span><span class=\"fusion-inline-sep\">|<\/span><\/p><div class=\"fusion-post-content-container\"><p><p>      Mise en \u0153uvre des nouvelles orientations IRRBB et CSRBB\u00a0: Principaux impacts attendus des \u00e9volutions Le 20 octobre 2022, l\u2019EBA a publi\u00e9 une nouvelle Guideline et deux nouvelles normes techniques r\u00e8glementaires qui visent \u00e0 faire \u00e9voluer le cadre de gestion du risque de taux (IRRBB) en vigueur depuis le 30 juin 2019. Cette publication fait [...]<\/p><\/div><\/div><div class=\"fusion-clearfix\"><\/div><\/article>\n<article id=\"blog-1-post-978\" class=\"fusion-post-medium-alternate post-978 post type-post status-publish format-standard has-post-thumbnail hentry category-publications\">\n<div class=\"fusion-date-and-formats\"><div class=\"fusion-date-box updated\"><span class=\"fusion-date\">4<\/span><span class=\"fusion-month-year\">10, 2023<\/span><\/div><div class=\"fusion-format-box\"><i class=\"fusion-icon-pen\"><\/i><\/div><\/div>\t<style type=\"text\/css\">\n\t\t\n\t\t\n\t\t\n\t\t\n\t\t\t<\/style>\n\n\n\t\t\t<div class=\"fusion-flexslider flexslider fusion-flexslider-loading fusion-post-slideshow\" style=\"\">\n\t\t<ul class=\"slides\">\n\t\t\t\n\t\t\t\t\t\t\t\t\t\t\t\t\t\t<li>\n\n<div  class=\"fusion-image-wrapper fusion-image-size-fixed\" aria-haspopup=\"true\">\n\t\n\t\n\t\t\n\t\t\t\t\t<img width=\"303\" height=\"202\" src=\"https:\/\/fincley.com\/old2023\/wp-content\/uploads\/2023\/10\/CA-1.png\" class=\"attachment-blog-medium size-blog-medium wp-post-image\" alt=\"\" loading=\"lazy\" srcset=\"https:\/\/fincley.com\/old2023\/wp-content\/uploads\/2023\/10\/CA-1-200x133.png 200w, https:\/\/fincley.com\/old2023\/wp-content\/uploads\/2023\/10\/CA-1-400x267.png 400w, https:\/\/fincley.com\/old2023\/wp-content\/uploads\/2023\/10\/CA-1-600x400.png 600w, https:\/\/fincley.com\/old2023\/wp-content\/uploads\/2023\/10\/CA-1-800x534.png 800w, https:\/\/fincley.com\/old2023\/wp-content\/uploads\/2023\/10\/CA-1.png 896w\" sizes=\"(max-width: 303px) 100vw, 303px\" \/>\n\t\n\n\t\t<div class=\"fusion-rollover\">\n\t<div class=\"fusion-rollover-content\">\n\n\t\t\t\t\n\t\t\t\t\n\t\t\t\t\t\t\t\t\t\t\t\t<h4 class=\"fusion-rollover-title\">\n\t\t\t\t\t<a href=\"https:\/\/fincley.com\/old2023\/courtage-les-cles-d-une-mise-en-conformite-reussie\/\">\n\t\t\t\t\t\t<p style=\"text-align:center\"><strong> Courtage : les cl\u00e9s d\u2019une mise en conformit\u00e9 r\u00e9ussie <\/strong> <\/center>\t\t\t\t\t<\/a>\n\t\t\t\t<\/h4>\n\t\t\t\n\t\t\t\t\t\t\t\t\n\t\t\n\t\t\t\t<a class=\"fusion-link-wrapper\" href=\"https:\/\/fincley.com\/old2023\/courtage-les-cles-d-une-mise-en-conformite-reussie\/\" aria-label=\" Courtage : les cl\u00e9s d\u2019une mise en conformit\u00e9 r\u00e9ussie  \"><\/a>\n\t<\/div>\n<\/div>\n\n\t\n<\/div>\n<\/li>\n\t\t\t\n\t\t\t\n\t\t\t\t\t\t\t\t\t\t\t\t\t\t\t\t\t\t\t\t\t\t\t\t\t\t\t\t\t\t\t\t\t\t\t\t\t\t\t\t\t\t\t\t\t\t\t\t\t\t\t\t\t\t\t\t\t\t\t\t\t\t\t\t\t\t\t\t<\/ul>\n\t<\/div>\n\t<div class=\"fusion-post-content post-content\"><h2 class=\"blog-shortcode-post-title entry-title\"><a href=\"https:\/\/fincley.com\/old2023\/courtage-les-cles-d-une-mise-en-conformite-reussie\/\"><p style=\"text-align:center\"><strong> Courtage : les cl\u00e9s d\u2019une mise en conformit\u00e9 r\u00e9ussie <\/strong> <\/center><\/a><\/h2><p class=\"fusion-single-line-meta\"><span class=\"vcard\" style=\"display: none;\"><span class=\"fn\"><a href=\"https:\/\/fincley.com\/old2023\/author\/anthony\/\" title=\"Articles par Alexis\" rel=\"author\">Alexis<\/a><\/span><\/span><span class=\"updated\" style=\"display:none;\">2023-10-04T13:39:16+00:00<\/span><span>4 octobre 2023<\/span><span class=\"fusion-inline-sep\">|<\/span><\/p><div class=\"fusion-post-content-container\"><p><p>      Apr\u00e8s un premier article sur les enjeux r\u00e9glementaires en avril 2023, Fincley Consulting poursuit ses rencontres aupr\u00e8s des courtiers, qui souhaitent rester anonymes dans ce nouvel article. Un contexte r\u00e9glementaire inflationniste Depuis 2018, les contr\u00f4les de l\u2019ACPR et de la DGCCRF se multiplient et conduisent \u00e0 des proc\u00e9dures disciplinaires allant du simple avertissement au [...]<\/p><\/div><\/div><div class=\"fusion-clearfix\"><\/div><\/article>\n<article id=\"blog-1-post-967\" class=\"fusion-post-medium-alternate post-967 post type-post status-publish format-standard has-post-thumbnail hentry category-publications\">\n<div class=\"fusion-date-and-formats\"><div class=\"fusion-date-box updated\"><span class=\"fusion-date\">3<\/span><span class=\"fusion-month-year\">05, 2023<\/span><\/div><div class=\"fusion-format-box\"><i class=\"fusion-icon-pen\"><\/i><\/div><\/div>\t<style type=\"text\/css\">\n\t\t\n\t\t\n\t\t\n\t\t\n\t\t\t<\/style>\n\n\n\t\t\t<div class=\"fusion-flexslider flexslider fusion-flexslider-loading fusion-post-slideshow\" style=\"\">\n\t\t<ul class=\"slides\">\n\t\t\t\n\t\t\t\t\t\t\t\t\t\t\t\t\t\t<li>\n\n<div  class=\"fusion-image-wrapper fusion-image-size-fixed\" aria-haspopup=\"true\">\n\t\n\t\n\t\t\n\t\t\t\t\t<img width=\"303\" height=\"202\" src=\"https:\/\/fincley.com\/old2023\/wp-content\/uploads\/2023\/05\/Courtage.jpg\" class=\"attachment-blog-medium size-blog-medium wp-post-image\" alt=\"\" loading=\"lazy\" srcset=\"https:\/\/fincley.com\/old2023\/wp-content\/uploads\/2023\/05\/Courtage-200x133.jpg 200w, https:\/\/fincley.com\/old2023\/wp-content\/uploads\/2023\/05\/Courtage-400x267.jpg 400w, https:\/\/fincley.com\/old2023\/wp-content\/uploads\/2023\/05\/Courtage-600x400.jpg 600w, https:\/\/fincley.com\/old2023\/wp-content\/uploads\/2023\/05\/Courtage-800x533.jpg 800w, https:\/\/fincley.com\/old2023\/wp-content\/uploads\/2023\/05\/Courtage-1200x800.jpg 1200w, https:\/\/fincley.com\/old2023\/wp-content\/uploads\/2023\/05\/Courtage.jpg 2048w\" sizes=\"(max-width: 303px) 100vw, 303px\" \/>\n\t\n\n\t\t<div class=\"fusion-rollover\">\n\t<div class=\"fusion-rollover-content\">\n\n\t\t\t\t\n\t\t\t\t\n\t\t\t\t\t\t\t\t\t\t\t\t<h4 class=\"fusion-rollover-title\">\n\t\t\t\t\t<a href=\"https:\/\/fincley.com\/old2023\/courtage-face-a-linflation-reglementaire-ancrer-la-conformite-dans-son-quotidien\/\">\n\t\t\t\t\t\t<p style=\"text-align:center\"><strong> \u00ab Courtage : face \u00e0 l\u2019inflation r\u00e9glementaire, ancrer la conformit\u00e9 dans son quotidien \u00bb<\/strong> <\/center>\t\t\t\t\t<\/a>\n\t\t\t\t<\/h4>\n\t\t\t\n\t\t\t\t\t\t\t\t\n\t\t\n\t\t\t\t<a class=\"fusion-link-wrapper\" href=\"https:\/\/fincley.com\/old2023\/courtage-face-a-linflation-reglementaire-ancrer-la-conformite-dans-son-quotidien\/\" aria-label=\" \u00ab Courtage : face \u00e0 l\u2019inflation r\u00e9glementaire, ancrer la conformit\u00e9 dans son quotidien \u00bb \"><\/a>\n\t<\/div>\n<\/div>\n\n\t\n<\/div>\n<\/li>\n\t\t\t\n\t\t\t\n\t\t\t\t\t\t\t\t\t\t\t\t\t\t\t\t\t\t\t\t\t\t\t\t\t\t\t\t\t\t\t\t\t\t\t\t\t\t\t\t\t\t\t\t\t\t\t\t\t\t\t\t\t\t\t\t\t\t\t\t\t\t\t\t\t\t\t\t<\/ul>\n\t<\/div>\n\t<div class=\"fusion-post-content post-content\"><h2 class=\"blog-shortcode-post-title entry-title\"><a href=\"https:\/\/fincley.com\/old2023\/courtage-face-a-linflation-reglementaire-ancrer-la-conformite-dans-son-quotidien\/\"><p style=\"text-align:center\"><strong> \u00ab Courtage : face \u00e0 l\u2019inflation r\u00e9glementaire, ancrer la conformit\u00e9 dans son quotidien \u00bb<\/strong> <\/center><\/a><\/h2><p class=\"fusion-single-line-meta\"><span class=\"vcard\" style=\"display: none;\"><span class=\"fn\"><a href=\"https:\/\/fincley.com\/old2023\/author\/anthony\/\" title=\"Articles par Alexis\" rel=\"author\">Alexis<\/a><\/span><\/span><span class=\"updated\" style=\"display:none;\">2023-05-03T14:36:52+00:00<\/span><span>3 mai 2023<\/span><span class=\"fusion-inline-sep\">|<\/span><\/p><div class=\"fusion-post-content-container\"><p><p>      Laetitia Couchard-Jacquemard, Directrice Conformit\u00e9 &amp; Anne-Ga\u00eblle Sicault, Directrice Assurance chez Fincley consulting, sont all\u00e9es \u00e0 la rencontre de professionnels du courtage pour \u00e9couter leur retour d\u2019exp\u00e9rience sur leur dispositif conformit\u00e9. Dans un article pour l\u2019Argus de l\u2019Assurance, elles abordent les enjeux et les solutions pour se r\u00e9inventer dans un cadre r\u00e9glementaire en perp\u00e9tuelle mutation [...]<\/p><\/div><\/div><div class=\"fusion-clearfix\"><\/div><\/article>\n<\/div><div class=\"fusion-infinite-scroll-trigger\"><\/div><div class=\"pagination infinite-scroll clearfix\" style=\"display:none;\"><span class=\"current\">1<\/span><a href=\"https:\/\/fincley.com\/old2023\/wp-json\/wp\/v2\/pages\/146\/page\/2\/\" class=\"inactive\">2<\/a><a class=\"pagination-next\" href=\"https:\/\/fincley.com\/old2023\/wp-json\/wp\/v2\/pages\/146\/page\/2\/\"><span class=\"page-text\">Suivant<\/span><span class=\"page-next\"><\/span><\/a><\/div><div class=\"fusion-clearfix\"><\/div><div class=\"fusion-load-more-button fusion-blog-button fusion-clearfix\">Load More Posts<\/div><\/div><div class=\"fusion-clearfix\"><\/div>\n\n\t\t\t\t\t<\/div>\n\t\t\t\t<\/div><\/div><\/div><div class=\"fusion-fullwidth fullwidth-box nonhundred-percent-fullwidth non-hundred-percent-height-scrolling fusion-equal-height-columns\"  style='background-color: #232b53;background-position: center center;background-repeat: no-repeat;padding-top:30px;padding-right:0px;padding-bottom:10px;padding-left:0px;margin-bottom: 0px;margin-top: 0px;'><div class=\"fusion-builder-row fusion-row \"><div  class=\"fusion-layout-column fusion_builder_column fusion_builder_column_1_3  fusion-one-third fusion-column-first 1_3\"  style='margin-top:0px;margin-bottom:20px;width:30.6666%; margin-right: 4%;'>\n\t\t\t\t\t<div class=\"fusion-column-wrapper\" style=\"padding: 0px 0px 0px 0px;background-position:left top;background-repeat:no-repeat;-webkit-background-size:cover;-moz-background-size:cover;-o-background-size:cover;background-size:cover;\"   data-bg-url=\"\">\n\t\t\t\t\t\t<div class=\"fusion-column-content-centered\"><div class=\"fusion-column-content\"><div class=\"imageframe-align-center\"><span style=\"max-width:75px;\" class=\"fusion-imageframe imageframe-none imageframe-1 hover-type-none\"><img loading=\"lazy\" src=\"https:\/\/fincley.com\/old2023\/wp-content\/uploads\/2018\/12\/Fincley_LogoFooter.png\" width=\"200\" height=\"200\" alt=\"\" title=\"Fincley_LogoFooter\" class=\"img-responsive wp-image-63\"\/><\/span><\/div><div class=\"fusion-sep-clear\"><\/div><div class=\"fusion-separator fusion-full-width-sep sep-none\" style=\"margin-left: auto;margin-right: auto;margin-top:10px;\"><\/div><div class=\"imageframe-align-center\"><span style=\"max-width:130px;\" class=\"fusion-imageframe imageframe-none imageframe-2 hover-type-none\"><img loading=\"lazy\" src=\"https:\/\/fincley.com\/old2023\/wp-content\/uploads\/2018\/12\/Fincley_LogoFooter2.png\" width=\"422\" height=\"84\" alt=\"\" title=\"Fincley_LogoFooter2\" class=\"img-responsive wp-image-64\" srcset=\"https:\/\/fincley.com\/old2023\/wp-content\/uploads\/2018\/12\/Fincley_LogoFooter2-200x40.png 200w, https:\/\/fincley.com\/old2023\/wp-content\/uploads\/2018\/12\/Fincley_LogoFooter2-400x80.png 400w, https:\/\/fincley.com\/old2023\/wp-content\/uploads\/2018\/12\/Fincley_LogoFooter2.png 422w\" sizes=\"(max-width: 800px) 100vw, 400px\" \/><\/span><\/div><\/div><\/div><div class=\"fusion-clearfix\"><\/div>\n\n\t\t\t\t\t<\/div>\n\t\t\t\t<\/div><div  class=\"fusion-layout-column fusion_builder_column fusion_builder_column_1_3  fusion-one-third 1_3\"  style='margin-top:0px;margin-bottom:20px;width:30.6666%; margin-right: 4%;'>\n\t\t\t\t\t<div class=\"fusion-column-wrapper\" style=\"padding: 0px 0px 0px 0px;background-position:left top;background-repeat:no-repeat;-webkit-background-size:cover;-moz-background-size:cover;-o-background-size:cover;background-size:cover;\"   data-bg-url=\"\">\n\t\t\t\t\t\t<div class=\"fusion-column-content-centered\"><div class=\"fusion-column-content\"><\/div><\/div><div class=\"fusion-clearfix\"><\/div>\n\n\t\t\t\t\t<\/div>\n\t\t\t\t<\/div><div  class=\"fusion-layout-column fusion_builder_column fusion_builder_column_1_3  fusion-one-third fusion-column-last 1_3\"  style='margin-top:0px;margin-bottom:20px;width:30.6666%'>\n\t\t\t\t\t<div class=\"fusion-column-wrapper\" style=\"padding: 0px 0px 0px 0px;background-position:left top;background-repeat:no-repeat;-webkit-background-size:cover;-moz-background-size:cover;-o-background-size:cover;background-size:cover;\"   data-bg-url=\"\">\n\t\t\t\t\t\t<div class=\"fusion-column-content-centered\"><div class=\"fusion-column-content\"><div class=\"fusion-title title fusion-sep-none fusion-title-size-three\" style=\"margin-top:0px;margin-bottom:20px;\"><h3 class=\"title-heading-left\"><span style=\"color: #ffffff;\">+ NOUS CONTACTER<\/span><\/h3><\/div><ul class=\"fusion-checklist fusion-checklist-1\" style=\"font-size:14px;line-height:23.8px;\"><li class=\"fusion-li-item\"><span style=\"height:23.8px;width:23.8px;margin-right:9.8px;\" class=\"icon-wrapper circle-no\"><i class=\"fusion-li-icon fa-map-marker-alt fas\" style=\"color:#ffffff;\"><\/i><\/span><div class=\"fusion-li-item-content\" style=\"margin-left:33.6px;\"><span style=\"color: #ffffff;\">62, rue La Bo\u00e9tie 75008 Paris<\/span><\/div><\/li><li class=\"fusion-li-item\"><span style=\"height:23.8px;width:23.8px;margin-right:9.8px;\" class=\"icon-wrapper circle-no\"><i class=\"fusion-li-icon fa-envelope fas\" style=\"color:#ffffff;\"><\/i><\/span><div class=\"fusion-li-item-content\" style=\"margin-left:33.6px;\">\n<p><span style=\"color: #ffffff;\">contact@fincley.com\/old2023<\/span><\/p>\n<\/div><\/li><li class=\"fusion-li-item\"><span style=\"height:23.8px;width:23.8px;margin-right:9.8px;\" class=\"icon-wrapper circle-no\"><i class=\"fusion-li-icon fa-phone fas\" style=\"color:#ffffff;\"><\/i><\/span><div class=\"fusion-li-item-content\" style=\"margin-left:33.6px;\"><span style=\"color: #ffffff;\">+33 (0)1.45.63.94.82<\/span><\/div><\/li><\/ul><\/div><\/div><div class=\"fusion-clearfix\"><\/div>\n\n\t\t\t\t\t<\/div>\n\t\t\t\t<\/div><\/div><\/div><\/p>\n","protected":false},"excerpt":{"rendered":"","protected":false},"author":2,"featured_media":0,"parent":0,"menu_order":0,"comment_status":"closed","ping_status":"closed","template":"100-width.php","meta":[],"_links":{"self":[{"href":"https:\/\/fincley.com\/old2023\/wp-json\/wp\/v2\/pages\/146"}],"collection":[{"href":"https:\/\/fincley.com\/old2023\/wp-json\/wp\/v2\/pages"}],"about":[{"href":"https:\/\/fincley.com\/old2023\/wp-json\/wp\/v2\/types\/page"}],"author":[{"embeddable":true,"href":"https:\/\/fincley.com\/old2023\/wp-json\/wp\/v2\/users\/2"}],"replies":[{"embeddable":true,"href":"https:\/\/fincley.com\/old2023\/wp-json\/wp\/v2\/comments?post=146"}],"version-history":[{"count":0,"href":"https:\/\/fincley.com\/old2023\/wp-json\/wp\/v2\/pages\/146\/revisions"}],"wp:attachment":[{"href":"https:\/\/fincley.com\/old2023\/wp-json\/wp\/v2\/media?parent=146"}],"curies":[{"name":"wp","href":"https:\/\/api.w.org\/{rel}","templated":true}]}}